{"id":25,"date":"2015-12-18T18:24:27","date_gmt":"2015-12-18T18:24:27","guid":{"rendered":"http:\/\/filippepecas.com.br\/?page_id=25"},"modified":"2021-12-01T17:00:40","modified_gmt":"2021-12-01T17:00:40","slug":"a-empresa","status":"publish","type":"page","link":"https:\/\/filippepecas.com.br\/index.php\/a-empresa\/","title":{"rendered":"A Empresa"},"content":{"rendered":"<div id=\"descricao\" class=\"rvfs-4\" data-rvfs=\"4\">\n<p>Ol\u00e1<\/p>\n<p>Somos A\u00a0<strong>FILIPPE COM\u00c9RCIO DE PE\u00c7AS e M\u00c1QUINAS<\/strong>, de Frederico Westphalen no Rio Grande do Sul para todo o Brasil.<\/p>\n<p>Temos como objetivo a m\u00e1xima satisfa\u00e7\u00e3o dos nossos clientes. Com muito trabalho estamos a mais de Vinte Anos atuando com excel\u00eancia, vendendo toda linha de m\u00e1quinas de constru\u00e7\u00e3o, empilhadeiras, pe\u00e7as e servi\u00e7os especializados. Somos revendedor autorizado\u00a0<strong>RANDON VEICULOS, M\u00dcLLER, BAOLI KION SOUTH AMERICA e VANTEC M\u00c1QUINAS. <\/strong>Disponibilizamos de uma equipe t\u00e9cnica especializada treinada na f\u00e1brica para melhor atend\u00ea-lo. Pe\u00e7a seu or\u00e7amento, agende uma visita com um de nossos vendedores.<\/p>\n<p>Fone 055 37445051<\/p>\n<\/div>\n<p style=\"text-align: left;\"><em><strong>Endere\u00e7o:<\/strong> Rua Rio Grande 64, \u00e0s margens da BR386, em Frederico Westphalen\/RS.<\/em><\/p>\n<div id=\"descricao\" class=\"rvfs-4\" data-rvfs=\"4\"><\/div>\n<p class=\"fonte\" style=\"text-align: left;\">\n","protected":false},"excerpt":{"rendered":"<p>Ol\u00e1 Somos A\u00a0FILIPPE COM\u00c9RCIO DE PE\u00c7AS e M\u00c1QUINAS, de Frederico Westphalen no Rio Grande do Sul para todo o Brasil. Temos como objetivo a m\u00e1xima satisfa\u00e7\u00e3o dos nossos clientes. Com muito trabalho estamos a mais de Vinte Anos atuando com excel\u00eancia, vendendo toda linha de m\u00e1quinas de constru\u00e7\u00e3o, empilhadeiras, pe\u00e7as e servi\u00e7os especializados. Somos revendedor autorizado\u00a0RANDON VEICULOS, M\u00dcLLER, BAOLI KION<\/p>\n<p><a class=\"more-link\" href=\"https:\/\/filippepecas.com.br\/index.php\/a-empresa\/\">Read More<\/a><\/p>\n","protected":false},"author":1,"featured_media":0,"parent":0,"menu_order":0,"comment_status":"closed","ping_status":"closed","template":"","meta":[],"_links":{"self":[{"href":"https:\/\/filippepecas.com.br\/index.php\/wp-json\/wp\/v2\/pages\/25"}],"collection":[{"href":"https:\/\/filippepecas.com.br\/index.php\/wp-json\/wp\/v2\/pages"}],"about":[{"href":"https:\/\/filippepecas.com.br\/index.php\/wp-json\/wp\/v2\/types\/page"}],"author":[{"embeddable":true,"href":"https:\/\/filippepecas.com.br\/index.php\/wp-json\/wp\/v2\/users\/1"}],"replies":[{"embeddable":true,"href":"https:\/\/filippepecas.com.br\/index.php\/wp-json\/wp\/v2\/comments?post=25"}],"version-history":[{"count":11,"href":"https:\/\/filippepecas.com.br\/index.php\/wp-json\/wp\/v2\/pages\/25\/revisions"}],"predecessor-version":[{"id":4619,"href":"https:\/\/filippepecas.com.br\/index.php\/wp-json\/wp\/v2\/pages\/25\/revisions\/4619"}],"wp:attachment":[{"href":"https:\/\/filippepecas.com.br\/index.php\/wp-json\/wp\/v2\/media?parent=25"}],"curies":[{"name":"wp","href":"https:\/\/api.w.org\/{rel}","templated":true}]}}