{"id":4,"date":"2015-12-18T14:17:17","date_gmt":"2015-12-18T14:17:17","guid":{"rendered":"http:\/\/filippepecas.com.br\/index.php\/shop\/"},"modified":"2026-01-15T14:15:20","modified_gmt":"2026-01-15T14:15:20","slug":"shop","status":"publish","type":"page","link":"https:\/\/filippepecas.com.br\/","title":{"rendered":"Inicial"},"content":{"rendered":"<p><strong>Solu\u00e7\u00f5es em m\u00e1quinas pesadas e empilhadeiras<\/strong><\/p>\n","protected":false},"excerpt":{"rendered":"<p>Solu\u00e7\u00f5es em m\u00e1quinas pesadas e empilhadeiras<\/p>\n","protected":false},"author":1,"featured_media":8592,"parent":0,"menu_order":0,"comment_status":"closed","ping_status":"closed","template":"","meta":[],"_links":{"self":[{"href":"https:\/\/filippepecas.com.br\/index.php\/wp-json\/wp\/v2\/pages\/4"}],"collection":[{"href":"https:\/\/filippepecas.com.br\/index.php\/wp-json\/wp\/v2\/pages"}],"about":[{"href":"https:\/\/filippepecas.com.br\/index.php\/wp-json\/wp\/v2\/types\/page"}],"author":[{"embeddable":true,"href":"https:\/\/filippepecas.com.br\/index.php\/wp-json\/wp\/v2\/users\/1"}],"replies":[{"embeddable":true,"href":"https:\/\/filippepecas.com.br\/index.php\/wp-json\/wp\/v2\/comments?post=4"}],"version-history":[{"count":16,"href":"https:\/\/filippepecas.com.br\/index.php\/wp-json\/wp\/v2\/pages\/4\/revisions"}],"predecessor-version":[{"id":8593,"href":"https:\/\/filippepecas.com.br\/index.php\/wp-json\/wp\/v2\/pages\/4\/revisions\/8593"}],"wp:featuredmedia":[{"embeddable":true,"href":"https:\/\/filippepecas.com.br\/index.php\/wp-json\/wp\/v2\/media\/8592"}],"wp:attachment":[{"href":"https:\/\/filippepecas.com.br\/index.php\/wp-json\/wp\/v2\/media?parent=4"}],"curies":[{"name":"wp","href":"https:\/\/api.w.org\/{rel}","templated":true}]}}