{"id":1849,"date":"2018-12-05T19:14:31","date_gmt":"2018-12-05T19:14:31","guid":{"rendered":"http:\/\/filippepecas.com.br\/?post_type=product&#038;p=1849"},"modified":"2018-12-05T19:14:31","modified_gmt":"2018-12-05T19:14:31","slug":"relogio-pressao-oleo-motor-1w0705-5m1065","status":"publish","type":"product","link":"https:\/\/filippepecas.com.br\/index.php\/produto\/relogio-pressao-oleo-motor-1w0705-5m1065\/","title":{"rendered":"Rel\u00f3gio Press\u00e3o \u00d3leo Motor 1W0705 5M1065"},"content":{"rendered":"","protected":false},"excerpt":{"rendered":"<p><strong>REF:<\/strong><\/p>\n<p>1W0705 5M1065<\/p>\n","protected":false},"featured_media":1850,"comment_status":"closed","ping_status":"closed","template":"","meta":[],"product_cat":[49],"product_tag":[],"_links":{"self":[{"href":"https:\/\/filippepecas.com.br\/index.php\/wp-json\/wp\/v2\/product\/1849"}],"collection":[{"href":"https:\/\/filippepecas.com.br\/index.php\/wp-json\/wp\/v2\/product"}],"about":[{"href":"https:\/\/filippepecas.com.br\/index.php\/wp-json\/wp\/v2\/types\/product"}],"replies":[{"embeddable":true,"href":"https:\/\/filippepecas.com.br\/index.php\/wp-json\/wp\/v2\/comments?post=1849"}],"wp:featuredmedia":[{"embeddable":true,"href":"https:\/\/filippepecas.com.br\/index.php\/wp-json\/wp\/v2\/media\/1850"}],"wp:attachment":[{"href":"https:\/\/filippepecas.com.br\/index.php\/wp-json\/wp\/v2\/media?parent=1849"}],"wp:term":[{"taxonomy":"product_cat","embeddable":true,"href":"https:\/\/filippepecas.com.br\/index.php\/wp-json\/wp\/v2\/product_cat?post=1849"},{"taxonomy":"product_tag","embeddable":true,"href":"https:\/\/filippepecas.com.br\/index.php\/wp-json\/wp\/v2\/product_tag?post=1849"}],"curies":[{"name":"wp","href":"https:\/\/api.w.org\/{rel}","templated":true}]}}