{"id":2189,"date":"2019-12-02T22:00:18","date_gmt":"2019-12-02T22:00:18","guid":{"rendered":"http:\/\/filippepecas.com.br\/?post_type=product&#038;p=2189"},"modified":"2019-12-06T19:01:24","modified_gmt":"2019-12-06T19:01:24","slug":"locacao","status":"publish","type":"product","link":"https:\/\/filippepecas.com.br\/index.php\/produto\/locacao\/","title":{"rendered":"LOCA\u00c7\u00c3O"},"content":{"rendered":"","protected":false},"excerpt":{"rendered":"<p style=\"text-align: center; background: white;\" align=\"center\"><span style=\"font-size: 10.5pt; font-family: 'Arial','sans-serif'; color: #333333;\">Por que alugar com a\u00a0<strong><span style=\"font-family: 'Arial','sans-serif';\">FILIPPE PE\u00c7AS<\/span><\/strong>?<\/span><\/p>\n<p style=\"text-align: center; background: white;\" align=\"center\"><span style=\"font-size: 10.5pt; font-family: 'Arial','sans-serif'; color: #333333;\">&#8211;\u00a0<strong><span style=\"font-family: 'Arial','sans-serif';\">Frota nova:<\/span><\/strong>\u00a0oferecemos equipamentos novos e modernos, com as ultimas tecnologias do mercado, elevando sua produtividade;<br \/>\n&#8211;\u00a0<strong><span style=\"font-family: 'Arial','sans-serif';\">Menor custo operacional:<\/span><\/strong>\u00a0a empresa saber\u00e1 ao longo do tempo, quanto custou cada equipamento;<br \/>\n&#8211;\u00a0<strong><span style=\"font-family: 'Arial','sans-serif';\">Sem custo de Manuten\u00e7\u00e3o:<\/span><\/strong>\u00a0toda a manuten\u00e7\u00e3o do equipamento, \u00e9 por conta a FILIPPE PE\u00c7AS, com pe\u00e7as originais e m\u00e3o de obra especializada;<br \/>\n&#8211;\u00a0<strong><span style=\"font-family: 'Arial','sans-serif';\">Versatilidade:<\/span><\/strong>\u00a0os equipamentos podem ser substitu\u00eddos conforme mudan\u00e7as na opera\u00e7\u00e3o;<br \/>\n&#8211;\u00a0<strong><span style=\"font-family: 'Arial','sans-serif';\">Sem custos indiretos:<\/span><\/strong>\u00a0o cliente n\u00e3o necessita fazer compra de pe\u00e7as ou insumos, al\u00e9m de n\u00e3o se preocupar com m\u00e3o de obra;<br \/>\n&#8211;\u00a0<strong><span style=\"font-family: 'Arial','sans-serif';\">Vantagens tributarias:<\/span><\/strong>\u00a0100% das despesas com loca\u00e7\u00e3o, s\u00e3o dedut\u00edveis do imposto de renda, uma vez que estas s\u00e3o despesas operacionais.<\/span><\/p>\n","protected":false},"featured_media":2193,"comment_status":"closed","ping_status":"closed","template":"","meta":[],"product_cat":[1083],"product_tag":[],"_links":{"self":[{"href":"https:\/\/filippepecas.com.br\/index.php\/wp-json\/wp\/v2\/product\/2189"}],"collection":[{"href":"https:\/\/filippepecas.com.br\/index.php\/wp-json\/wp\/v2\/product"}],"about":[{"href":"https:\/\/filippepecas.com.br\/index.php\/wp-json\/wp\/v2\/types\/product"}],"replies":[{"embeddable":true,"href":"https:\/\/filippepecas.com.br\/index.php\/wp-json\/wp\/v2\/comments?post=2189"}],"wp:featuredmedia":[{"embeddable":true,"href":"https:\/\/filippepecas.com.br\/index.php\/wp-json\/wp\/v2\/media\/2193"}],"wp:attachment":[{"href":"https:\/\/filippepecas.com.br\/index.php\/wp-json\/wp\/v2\/media?parent=2189"}],"wp:term":[{"taxonomy":"product_cat","embeddable":true,"href":"https:\/\/filippepecas.com.br\/index.php\/wp-json\/wp\/v2\/product_cat?post=2189"},{"taxonomy":"product_tag","embeddable":true,"href":"https:\/\/filippepecas.com.br\/index.php\/wp-json\/wp\/v2\/product_tag?post=2189"}],"curies":[{"name":"wp","href":"https:\/\/api.w.org\/{rel}","templated":true}]}}