{"id":2202,"date":"2019-12-16T12:04:38","date_gmt":"2019-12-16T12:04:38","guid":{"rendered":"http:\/\/filippepecas.com.br\/?post_type=product&#038;p=2202"},"modified":"2023-05-11T00:59:22","modified_gmt":"2023-05-11T00:59:22","slug":"valvula-calefacao-219002045-original-randon","status":"publish","type":"product","link":"https:\/\/filippepecas.com.br\/index.php\/produto\/valvula-calefacao-219002045-original-randon\/","title":{"rendered":"V\u00e1lvula Calefa\u00e7\u00e3o 219002045 Original Randon"},"content":{"rendered":"","protected":false},"excerpt":{"rendered":"","protected":false},"featured_media":5567,"comment_status":"closed","ping_status":"closed","template":"","meta":[],"product_cat":[48],"product_tag":[2805,84,206],"_links":{"self":[{"href":"https:\/\/filippepecas.com.br\/index.php\/wp-json\/wp\/v2\/product\/2202"}],"collection":[{"href":"https:\/\/filippepecas.com.br\/index.php\/wp-json\/wp\/v2\/product"}],"about":[{"href":"https:\/\/filippepecas.com.br\/index.php\/wp-json\/wp\/v2\/types\/product"}],"replies":[{"embeddable":true,"href":"https:\/\/filippepecas.com.br\/index.php\/wp-json\/wp\/v2\/comments?post=2202"}],"wp:featuredmedia":[{"embeddable":true,"href":"https:\/\/filippepecas.com.br\/index.php\/wp-json\/wp\/v2\/media\/5567"}],"wp:attachment":[{"href":"https:\/\/filippepecas.com.br\/index.php\/wp-json\/wp\/v2\/media?parent=2202"}],"wp:term":[{"taxonomy":"product_cat","embeddable":true,"href":"https:\/\/filippepecas.com.br\/index.php\/wp-json\/wp\/v2\/product_cat?post=2202"},{"taxonomy":"product_tag","embeddable":true,"href":"https:\/\/filippepecas.com.br\/index.php\/wp-json\/wp\/v2\/product_tag?post=2202"}],"curies":[{"name":"wp","href":"https:\/\/api.w.org\/{rel}","templated":true}]}}