{"id":2488,"date":"2020-04-02T19:01:16","date_gmt":"2020-04-02T19:01:16","guid":{"rendered":"http:\/\/filippepecas.com.br\/?post_type=product&#038;p=2488"},"modified":"2020-04-02T19:01:16","modified_gmt":"2020-04-02T19:01:16","slug":"kbd-30-100","status":"publish","type":"product","link":"https:\/\/filippepecas.com.br\/index.php\/produto\/kbd-30-100\/","title":{"rendered":"KBD 30 &#8211; 100"},"content":{"rendered":"<p>As empilhadeiras a diesel Baoli s\u00e3o de tr\u00eas toneladas ate dez toneladas, com torre de eleva\u00e7\u00e3o de 4200 mm a 7000 mm.<\/p>\n","protected":false},"excerpt":{"rendered":"<div class=\" et_pb_row et_pb_row_0\">\n<div class=\"et_pb_column et_pb_column_4_4 et_pb_column_0\">\n<div class=\"et_pb_text et_pb_module et_pb_bg_layout_light et_pb_text_align_center  et_pb_text_0\">\n<p>&nbsp;<\/p>\n<\/div>\n<\/div>\n<\/div>\n<div class=\" et_pb_row et_pb_row_1\"><\/div>\n","protected":false},"featured_media":2489,"comment_status":"closed","ping_status":"closed","template":"","meta":[],"product_cat":[1083],"product_tag":[],"_links":{"self":[{"href":"https:\/\/filippepecas.com.br\/index.php\/wp-json\/wp\/v2\/product\/2488"}],"collection":[{"href":"https:\/\/filippepecas.com.br\/index.php\/wp-json\/wp\/v2\/product"}],"about":[{"href":"https:\/\/filippepecas.com.br\/index.php\/wp-json\/wp\/v2\/types\/product"}],"replies":[{"embeddable":true,"href":"https:\/\/filippepecas.com.br\/index.php\/wp-json\/wp\/v2\/comments?post=2488"}],"wp:featuredmedia":[{"embeddable":true,"href":"https:\/\/filippepecas.com.br\/index.php\/wp-json\/wp\/v2\/media\/2489"}],"wp:attachment":[{"href":"https:\/\/filippepecas.com.br\/index.php\/wp-json\/wp\/v2\/media?parent=2488"}],"wp:term":[{"taxonomy":"product_cat","embeddable":true,"href":"https:\/\/filippepecas.com.br\/index.php\/wp-json\/wp\/v2\/product_cat?post=2488"},{"taxonomy":"product_tag","embeddable":true,"href":"https:\/\/filippepecas.com.br\/index.php\/wp-json\/wp\/v2\/product_tag?post=2488"}],"curies":[{"name":"wp","href":"https:\/\/api.w.org\/{rel}","templated":true}]}}