{"id":2534,"date":"2020-04-03T19:43:29","date_gmt":"2020-04-03T19:43:29","guid":{"rendered":"http:\/\/filippepecas.com.br\/?post_type=product&#038;p=2534"},"modified":"2024-10-19T12:30:46","modified_gmt":"2024-10-19T12:30:46","slug":"boia-nivel-de-combustivel-219002381","status":"publish","type":"product","link":"https:\/\/filippepecas.com.br\/index.php\/produto\/boia-nivel-de-combustivel-219002381\/","title":{"rendered":"B\u00f3ia N\u00edvel de Combust\u00edvel 219002381 original Randon"},"content":{"rendered":"","protected":false},"excerpt":{"rendered":"","protected":false},"featured_media":2535,"comment_status":"closed","ping_status":"closed","template":"","meta":[],"product_cat":[48],"product_tag":[3593,3592,1352,84],"_links":{"self":[{"href":"https:\/\/filippepecas.com.br\/index.php\/wp-json\/wp\/v2\/product\/2534"}],"collection":[{"href":"https:\/\/filippepecas.com.br\/index.php\/wp-json\/wp\/v2\/product"}],"about":[{"href":"https:\/\/filippepecas.com.br\/index.php\/wp-json\/wp\/v2\/types\/product"}],"replies":[{"embeddable":true,"href":"https:\/\/filippepecas.com.br\/index.php\/wp-json\/wp\/v2\/comments?post=2534"}],"wp:featuredmedia":[{"embeddable":true,"href":"https:\/\/filippepecas.com.br\/index.php\/wp-json\/wp\/v2\/media\/2535"}],"wp:attachment":[{"href":"https:\/\/filippepecas.com.br\/index.php\/wp-json\/wp\/v2\/media?parent=2534"}],"wp:term":[{"taxonomy":"product_cat","embeddable":true,"href":"https:\/\/filippepecas.com.br\/index.php\/wp-json\/wp\/v2\/product_cat?post=2534"},{"taxonomy":"product_tag","embeddable":true,"href":"https:\/\/filippepecas.com.br\/index.php\/wp-json\/wp\/v2\/product_tag?post=2534"}],"curies":[{"name":"wp","href":"https:\/\/api.w.org\/{rel}","templated":true}]}}