{"id":259,"date":"2017-11-01T16:07:16","date_gmt":"2017-11-01T16:07:16","guid":{"rendered":"http:\/\/filippepecas.com.br\/?post_type=product&#038;p=259"},"modified":"2017-11-01T16:07:16","modified_gmt":"2017-11-01T16:07:16","slug":"gerador-lintec-g7500","status":"publish","type":"product","link":"https:\/\/filippepecas.com.br\/index.php\/produto\/gerador-lintec-g7500\/","title":{"rendered":"Gerador LINTEC G7500"},"content":{"rendered":"<p>Pot\u00eancia Cont\u00ednua (W):\u00a06500<br \/>\nMotor:\u00a0GASOLINA<br \/>\nMotor:\u00a0G420<\/p>\n<p>Bom para uso em consult\u00f3rio m\u00e9dico ou dent\u00e1rio, posto de gasolina, ordenhadeira, resfriadora de leite, mercado.<\/p>\n","protected":false},"excerpt":{"rendered":"<p>Pot\u00eancia Cont\u00ednua (W):\u00a06500 Motor:\u00a0GASOLINA Motor:\u00a0G420 Bom para uso em consult\u00f3rio m\u00e9dico ou dent\u00e1rio, posto de gasolina, ordenhadeira, resfriadora de leite, mercado.<\/p>\n","protected":false},"featured_media":256,"comment_status":"open","ping_status":"closed","template":"","meta":[],"product_cat":[1083],"product_tag":[],"_links":{"self":[{"href":"https:\/\/filippepecas.com.br\/index.php\/wp-json\/wp\/v2\/product\/259"}],"collection":[{"href":"https:\/\/filippepecas.com.br\/index.php\/wp-json\/wp\/v2\/product"}],"about":[{"href":"https:\/\/filippepecas.com.br\/index.php\/wp-json\/wp\/v2\/types\/product"}],"replies":[{"embeddable":true,"href":"https:\/\/filippepecas.com.br\/index.php\/wp-json\/wp\/v2\/comments?post=259"}],"wp:featuredmedia":[{"embeddable":true,"href":"https:\/\/filippepecas.com.br\/index.php\/wp-json\/wp\/v2\/media\/256"}],"wp:attachment":[{"href":"https:\/\/filippepecas.com.br\/index.php\/wp-json\/wp\/v2\/media?parent=259"}],"wp:term":[{"taxonomy":"product_cat","embeddable":true,"href":"https:\/\/filippepecas.com.br\/index.php\/wp-json\/wp\/v2\/product_cat?post=259"},{"taxonomy":"product_tag","embeddable":true,"href":"https:\/\/filippepecas.com.br\/index.php\/wp-json\/wp\/v2\/product_tag?post=259"}],"curies":[{"name":"wp","href":"https:\/\/api.w.org\/{rel}","templated":true}]}}