{"id":3371,"date":"2020-11-23T12:45:05","date_gmt":"2020-11-23T12:45:05","guid":{"rendered":"http:\/\/filippepecas.com.br\/?post_type=product&#038;p=3371"},"modified":"2020-11-23T12:45:05","modified_gmt":"2020-11-23T12:45:05","slug":"secao-completa-braco-extensivel-219001870-original-randon","status":"publish","type":"product","link":"https:\/\/filippepecas.com.br\/index.php\/produto\/secao-completa-braco-extensivel-219001870-original-randon\/","title":{"rendered":"Se\u00e7\u00e3o Completa Bra\u00e7o Extensivel 219001870 Original Randon"},"content":{"rendered":"","protected":false},"excerpt":{"rendered":"","protected":false},"featured_media":3372,"comment_status":"closed","ping_status":"closed","template":"","meta":[],"product_cat":[48],"product_tag":[703],"_links":{"self":[{"href":"https:\/\/filippepecas.com.br\/index.php\/wp-json\/wp\/v2\/product\/3371"}],"collection":[{"href":"https:\/\/filippepecas.com.br\/index.php\/wp-json\/wp\/v2\/product"}],"about":[{"href":"https:\/\/filippepecas.com.br\/index.php\/wp-json\/wp\/v2\/types\/product"}],"replies":[{"embeddable":true,"href":"https:\/\/filippepecas.com.br\/index.php\/wp-json\/wp\/v2\/comments?post=3371"}],"wp:featuredmedia":[{"embeddable":true,"href":"https:\/\/filippepecas.com.br\/index.php\/wp-json\/wp\/v2\/media\/3372"}],"wp:attachment":[{"href":"https:\/\/filippepecas.com.br\/index.php\/wp-json\/wp\/v2\/media?parent=3371"}],"wp:term":[{"taxonomy":"product_cat","embeddable":true,"href":"https:\/\/filippepecas.com.br\/index.php\/wp-json\/wp\/v2\/product_cat?post=3371"},{"taxonomy":"product_tag","embeddable":true,"href":"https:\/\/filippepecas.com.br\/index.php\/wp-json\/wp\/v2\/product_tag?post=3371"}],"curies":[{"name":"wp","href":"https:\/\/api.w.org\/{rel}","templated":true}]}}