{"id":3755,"date":"2021-03-13T12:47:05","date_gmt":"2021-03-13T12:47:05","guid":{"rendered":"http:\/\/filippepecas.com.br\/?post_type=product&#038;p=3755"},"modified":"2021-03-13T12:47:05","modified_gmt":"2021-03-13T12:47:05","slug":"rolo-compactador-muller-vap-55","status":"publish","type":"product","link":"https:\/\/filippepecas.com.br\/index.php\/produto\/rolo-compactador-muller-vap-55\/","title":{"rendered":"ROLO COMPACTADOR M\u00dcLLER VAP 55"},"content":{"rendered":"<p>Utilizado na compacta\u00e7\u00e3o de materiais arenosos e granulares em obras urbanas.<\/p>\n<div class=\"porfolio-single-info\">\n<div class=\"title-info\">Principais Caracter\u00edsticas<\/div>\n<ul>\n<li><strong>Motor:<\/strong>\u00a0PERKINS<\/li>\n<li><strong>Tipo:<\/strong>\u00a01104D-44T \u2013 TIER 3<\/li>\n<li><strong>Pot\u00eancia:<\/strong>\u00a082HP (61kw) 2.200 rpm<\/li>\n<li><strong>Peso operacional m\u00e1x.:<\/strong>\u00a08.100 \/ 9.750 kg<\/li>\n<li><strong>Peso Operacional:<\/strong>\u00a07.400 \/ 9.050 kg<\/li>\n<li><strong>Peso do m\u00f3dulo dianteiro:<\/strong>\u00a03.800 \/ 4.450 kg<\/li>\n<\/ul>\n<\/div>\n","protected":false},"excerpt":{"rendered":"<p>Utilizado na compacta\u00e7\u00e3o de materiais arenosos e granulares em obras urbanas. Principais Caracter\u00edsticas Motor:\u00a0PERKINS Tipo:\u00a01104D-44T \u2013 TIER 3 Pot\u00eancia:\u00a082HP (61kw) 2.200 rpm Peso operacional m\u00e1x.:\u00a08.100 \/ 9.750 kg Peso Operacional:\u00a07.400 \/ 9.050 kg Peso do m\u00f3dulo dianteiro:\u00a03.800 \/ 4.450 kg<\/p>\n","protected":false},"featured_media":3756,"comment_status":"closed","ping_status":"closed","template":"","meta":[],"product_cat":[21,36],"product_tag":[],"_links":{"self":[{"href":"https:\/\/filippepecas.com.br\/index.php\/wp-json\/wp\/v2\/product\/3755"}],"collection":[{"href":"https:\/\/filippepecas.com.br\/index.php\/wp-json\/wp\/v2\/product"}],"about":[{"href":"https:\/\/filippepecas.com.br\/index.php\/wp-json\/wp\/v2\/types\/product"}],"replies":[{"embeddable":true,"href":"https:\/\/filippepecas.com.br\/index.php\/wp-json\/wp\/v2\/comments?post=3755"}],"wp:featuredmedia":[{"embeddable":true,"href":"https:\/\/filippepecas.com.br\/index.php\/wp-json\/wp\/v2\/media\/3756"}],"wp:attachment":[{"href":"https:\/\/filippepecas.com.br\/index.php\/wp-json\/wp\/v2\/media?parent=3755"}],"wp:term":[{"taxonomy":"product_cat","embeddable":true,"href":"https:\/\/filippepecas.com.br\/index.php\/wp-json\/wp\/v2\/product_cat?post=3755"},{"taxonomy":"product_tag","embeddable":true,"href":"https:\/\/filippepecas.com.br\/index.php\/wp-json\/wp\/v2\/product_tag?post=3755"}],"curies":[{"name":"wp","href":"https:\/\/api.w.org\/{rel}","templated":true}]}}