{"id":3757,"date":"2021-03-13T13:00:05","date_gmt":"2021-03-13T13:00:05","guid":{"rendered":"http:\/\/filippepecas.com.br\/?post_type=product&#038;p=3757"},"modified":"2021-03-13T13:00:05","modified_gmt":"2021-03-13T13:00:05","slug":"reforma-de-empilhaderia-clark-cpm-25","status":"publish","type":"product","link":"https:\/\/filippepecas.com.br\/index.php\/produto\/reforma-de-empilhaderia-clark-cpm-25\/","title":{"rendered":"REFORMA DE EMPILHADERIA CLARK CPM 25"},"content":{"rendered":"<p>Este \u00e9 um dos processos de reforma de nossos equipamentos. Neste caso foi feito uma reforma completa na maquina, onde retiramos todas as pe\u00e7as e componentes, revisamos e concertamos os que precisavam como por exemplo: motor foi retificado, transmiss\u00e3o foi toda revisada, embuchamento traseiro refeito por completo, freios nossos, comando hidr\u00e1ulico revisado, pintura nova. Este equipamento saiu 100% novo.<\/p>\n","protected":false},"excerpt":{"rendered":"<p>Este \u00e9 um dos processos de reforma de nossos equipamentos. Neste caso foi feito uma reforma completa na maquina, onde retiramos todas as pe\u00e7as e componentes, revisamos e concertamos os que precisavam como por exemplo: motor foi retificado, transmiss\u00e3o foi toda revisada, embuchamento traseiro refeito por completo, freios nossos, comando hidr\u00e1ulico revisado, pintura nova. Este equipamento saiu 100% novo.<\/p>\n","protected":false},"featured_media":3758,"comment_status":"closed","ping_status":"closed","template":"","meta":[],"product_cat":[21,35],"product_tag":[],"_links":{"self":[{"href":"https:\/\/filippepecas.com.br\/index.php\/wp-json\/wp\/v2\/product\/3757"}],"collection":[{"href":"https:\/\/filippepecas.com.br\/index.php\/wp-json\/wp\/v2\/product"}],"about":[{"href":"https:\/\/filippepecas.com.br\/index.php\/wp-json\/wp\/v2\/types\/product"}],"replies":[{"embeddable":true,"href":"https:\/\/filippepecas.com.br\/index.php\/wp-json\/wp\/v2\/comments?post=3757"}],"wp:featuredmedia":[{"embeddable":true,"href":"https:\/\/filippepecas.com.br\/index.php\/wp-json\/wp\/v2\/media\/3758"}],"wp:attachment":[{"href":"https:\/\/filippepecas.com.br\/index.php\/wp-json\/wp\/v2\/media?parent=3757"}],"wp:term":[{"taxonomy":"product_cat","embeddable":true,"href":"https:\/\/filippepecas.com.br\/index.php\/wp-json\/wp\/v2\/product_cat?post=3757"},{"taxonomy":"product_tag","embeddable":true,"href":"https:\/\/filippepecas.com.br\/index.php\/wp-json\/wp\/v2\/product_tag?post=3757"}],"curies":[{"name":"wp","href":"https:\/\/api.w.org\/{rel}","templated":true}]}}