{"id":3873,"date":"2021-04-29T16:51:49","date_gmt":"2021-04-29T16:51:49","guid":{"rendered":"http:\/\/filippepecas.com.br\/?post_type=product&#038;p=3873"},"modified":"2023-07-08T12:29:55","modified_gmt":"2023-07-08T12:29:55","slug":"tanque-expancao-agua-219000349-900048460-original-randon","status":"publish","type":"product","link":"https:\/\/filippepecas.com.br\/index.php\/produto\/tanque-expancao-agua-219000349-900048460-original-randon\/","title":{"rendered":"Tanque Expan\u00e7\u00e3o \u00c1gua 900048460"},"content":{"rendered":"","protected":false},"excerpt":{"rendered":"","protected":false},"featured_media":5567,"comment_status":"closed","ping_status":"closed","template":"","meta":[],"product_cat":[1083],"product_tag":[3595],"_links":{"self":[{"href":"https:\/\/filippepecas.com.br\/index.php\/wp-json\/wp\/v2\/product\/3873"}],"collection":[{"href":"https:\/\/filippepecas.com.br\/index.php\/wp-json\/wp\/v2\/product"}],"about":[{"href":"https:\/\/filippepecas.com.br\/index.php\/wp-json\/wp\/v2\/types\/product"}],"replies":[{"embeddable":true,"href":"https:\/\/filippepecas.com.br\/index.php\/wp-json\/wp\/v2\/comments?post=3873"}],"wp:featuredmedia":[{"embeddable":true,"href":"https:\/\/filippepecas.com.br\/index.php\/wp-json\/wp\/v2\/media\/5567"}],"wp:attachment":[{"href":"https:\/\/filippepecas.com.br\/index.php\/wp-json\/wp\/v2\/media?parent=3873"}],"wp:term":[{"taxonomy":"product_cat","embeddable":true,"href":"https:\/\/filippepecas.com.br\/index.php\/wp-json\/wp\/v2\/product_cat?post=3873"},{"taxonomy":"product_tag","embeddable":true,"href":"https:\/\/filippepecas.com.br\/index.php\/wp-json\/wp\/v2\/product_tag?post=3873"}],"curies":[{"name":"wp","href":"https:\/\/api.w.org\/{rel}","templated":true}]}}