{"id":460,"date":"2018-10-24T18:55:51","date_gmt":"2018-10-24T18:55:51","guid":{"rendered":"http:\/\/filippepecas.com.br\/?post_type=product&#038;p=460"},"modified":"2018-10-24T18:55:51","modified_gmt":"2018-10-24T18:55:51","slug":"valvula-pressao-direcao-case-fiat-e62628","status":"publish","type":"product","link":"https:\/\/filippepecas.com.br\/index.php\/produto\/valvula-pressao-direcao-case-fiat-e62628\/","title":{"rendered":"V\u00e1lvula Press\u00e3o Dire\u00e7\u00e3o Case Fiat E62628"},"content":{"rendered":"","protected":false},"excerpt":{"rendered":"<p><strong>REF:<\/strong><\/p>\n<p>E62628<\/p>\n","protected":false},"featured_media":461,"comment_status":"open","ping_status":"closed","template":"","meta":[],"product_cat":[65],"product_tag":[],"_links":{"self":[{"href":"https:\/\/filippepecas.com.br\/index.php\/wp-json\/wp\/v2\/product\/460"}],"collection":[{"href":"https:\/\/filippepecas.com.br\/index.php\/wp-json\/wp\/v2\/product"}],"about":[{"href":"https:\/\/filippepecas.com.br\/index.php\/wp-json\/wp\/v2\/types\/product"}],"replies":[{"embeddable":true,"href":"https:\/\/filippepecas.com.br\/index.php\/wp-json\/wp\/v2\/comments?post=460"}],"wp:featuredmedia":[{"embeddable":true,"href":"https:\/\/filippepecas.com.br\/index.php\/wp-json\/wp\/v2\/media\/461"}],"wp:attachment":[{"href":"https:\/\/filippepecas.com.br\/index.php\/wp-json\/wp\/v2\/media?parent=460"}],"wp:term":[{"taxonomy":"product_cat","embeddable":true,"href":"https:\/\/filippepecas.com.br\/index.php\/wp-json\/wp\/v2\/product_cat?post=460"},{"taxonomy":"product_tag","embeddable":true,"href":"https:\/\/filippepecas.com.br\/index.php\/wp-json\/wp\/v2\/product_tag?post=460"}],"curies":[{"name":"wp","href":"https:\/\/api.w.org\/{rel}","templated":true}]}}