{"id":4760,"date":"2022-02-15T14:15:13","date_gmt":"2022-02-15T14:15:13","guid":{"rendered":"http:\/\/filippepecas.com.br\/?post_type=product&#038;p=4760"},"modified":"2024-12-18T18:28:31","modified_gmt":"2024-12-18T18:28:31","slug":"tanque-expancao-agua-219000349-900048460","status":"publish","type":"product","link":"https:\/\/filippepecas.com.br\/index.php\/produto\/tanque-expancao-agua-219000349-900048460\/","title":{"rendered":"Tanque Expan\u00e7\u00e3o \u00c1gua 219000349 original Randon"},"content":{"rendered":"","protected":false},"excerpt":{"rendered":"","protected":false},"featured_media":4761,"comment_status":"closed","ping_status":"closed","template":"","meta":[],"product_cat":[48],"product_tag":[6078,84,29,5621,3594],"_links":{"self":[{"href":"https:\/\/filippepecas.com.br\/index.php\/wp-json\/wp\/v2\/product\/4760"}],"collection":[{"href":"https:\/\/filippepecas.com.br\/index.php\/wp-json\/wp\/v2\/product"}],"about":[{"href":"https:\/\/filippepecas.com.br\/index.php\/wp-json\/wp\/v2\/types\/product"}],"replies":[{"embeddable":true,"href":"https:\/\/filippepecas.com.br\/index.php\/wp-json\/wp\/v2\/comments?post=4760"}],"wp:featuredmedia":[{"embeddable":true,"href":"https:\/\/filippepecas.com.br\/index.php\/wp-json\/wp\/v2\/media\/4761"}],"wp:attachment":[{"href":"https:\/\/filippepecas.com.br\/index.php\/wp-json\/wp\/v2\/media?parent=4760"}],"wp:term":[{"taxonomy":"product_cat","embeddable":true,"href":"https:\/\/filippepecas.com.br\/index.php\/wp-json\/wp\/v2\/product_cat?post=4760"},{"taxonomy":"product_tag","embeddable":true,"href":"https:\/\/filippepecas.com.br\/index.php\/wp-json\/wp\/v2\/product_tag?post=4760"}],"curies":[{"name":"wp","href":"https:\/\/api.w.org\/{rel}","templated":true}]}}