{"id":6396,"date":"2023-06-02T18:54:50","date_gmt":"2023-06-02T18:54:50","guid":{"rendered":"https:\/\/filippepecas.com.br\/?post_type=product&#038;p=6396"},"modified":"2023-06-02T18:54:50","modified_gmt":"2023-06-02T18:54:50","slug":"braco-de-direcao-370004808-original-randon","status":"publish","type":"product","link":"https:\/\/filippepecas.com.br\/index.php\/produto\/braco-de-direcao-370004808-original-randon\/","title":{"rendered":"Bra\u00e7o de dire\u00e7\u00e3o 370004808 original Randon"},"content":{"rendered":"","protected":false},"excerpt":{"rendered":"","protected":false},"featured_media":5567,"comment_status":"closed","ping_status":"closed","template":"","meta":[],"product_cat":[48],"product_tag":[3222,3223],"_links":{"self":[{"href":"https:\/\/filippepecas.com.br\/index.php\/wp-json\/wp\/v2\/product\/6396"}],"collection":[{"href":"https:\/\/filippepecas.com.br\/index.php\/wp-json\/wp\/v2\/product"}],"about":[{"href":"https:\/\/filippepecas.com.br\/index.php\/wp-json\/wp\/v2\/types\/product"}],"replies":[{"embeddable":true,"href":"https:\/\/filippepecas.com.br\/index.php\/wp-json\/wp\/v2\/comments?post=6396"}],"wp:featuredmedia":[{"embeddable":true,"href":"https:\/\/filippepecas.com.br\/index.php\/wp-json\/wp\/v2\/media\/5567"}],"wp:attachment":[{"href":"https:\/\/filippepecas.com.br\/index.php\/wp-json\/wp\/v2\/media?parent=6396"}],"wp:term":[{"taxonomy":"product_cat","embeddable":true,"href":"https:\/\/filippepecas.com.br\/index.php\/wp-json\/wp\/v2\/product_cat?post=6396"},{"taxonomy":"product_tag","embeddable":true,"href":"https:\/\/filippepecas.com.br\/index.php\/wp-json\/wp\/v2\/product_tag?post=6396"}],"curies":[{"name":"wp","href":"https:\/\/api.w.org\/{rel}","templated":true}]}}