{"id":716,"date":"2018-10-26T11:52:13","date_gmt":"2018-10-26T11:52:13","guid":{"rendered":"http:\/\/filippepecas.com.br\/?post_type=product&#038;p=716"},"modified":"2018-10-26T11:52:13","modified_gmt":"2018-10-26T11:52:13","slug":"chapa-de-retencao-de-lanca-370060732","status":"publish","type":"product","link":"https:\/\/filippepecas.com.br\/index.php\/produto\/chapa-de-retencao-de-lanca-370060732\/","title":{"rendered":"Chapa de Reten\u00e7\u00e3o de Lan\u00e7a 370060732"},"content":{"rendered":"","protected":false},"excerpt":{"rendered":"<p><strong>REF:<\/strong><\/p>\n<p>370060732<\/p>\n","protected":false},"featured_media":717,"comment_status":"open","ping_status":"closed","template":"","meta":[],"product_cat":[49],"product_tag":[],"_links":{"self":[{"href":"https:\/\/filippepecas.com.br\/index.php\/wp-json\/wp\/v2\/product\/716"}],"collection":[{"href":"https:\/\/filippepecas.com.br\/index.php\/wp-json\/wp\/v2\/product"}],"about":[{"href":"https:\/\/filippepecas.com.br\/index.php\/wp-json\/wp\/v2\/types\/product"}],"replies":[{"embeddable":true,"href":"https:\/\/filippepecas.com.br\/index.php\/wp-json\/wp\/v2\/comments?post=716"}],"wp:featuredmedia":[{"embeddable":true,"href":"https:\/\/filippepecas.com.br\/index.php\/wp-json\/wp\/v2\/media\/717"}],"wp:attachment":[{"href":"https:\/\/filippepecas.com.br\/index.php\/wp-json\/wp\/v2\/media?parent=716"}],"wp:term":[{"taxonomy":"product_cat","embeddable":true,"href":"https:\/\/filippepecas.com.br\/index.php\/wp-json\/wp\/v2\/product_cat?post=716"},{"taxonomy":"product_tag","embeddable":true,"href":"https:\/\/filippepecas.com.br\/index.php\/wp-json\/wp\/v2\/product_tag?post=716"}],"curies":[{"name":"wp","href":"https:\/\/api.w.org\/{rel}","templated":true}]}}