{"id":732,"date":"2018-10-26T12:06:27","date_gmt":"2018-10-26T12:06:27","guid":{"rendered":"http:\/\/filippepecas.com.br\/?post_type=product&#038;p=732"},"modified":"2018-10-26T12:06:27","modified_gmt":"2018-10-26T12:06:27","slug":"pinhao-inclinacao-roda-120b-3b6694","status":"publish","type":"product","link":"https:\/\/filippepecas.com.br\/index.php\/produto\/pinhao-inclinacao-roda-120b-3b6694\/","title":{"rendered":"Pinh\u00e3o Inclina\u00e7\u00e3o Roda 120b 3B6694"},"content":{"rendered":"","protected":false},"excerpt":{"rendered":"<p><strong>REF:<\/strong><\/p>\n<p>3B6694<\/p>\n","protected":false},"featured_media":733,"comment_status":"open","ping_status":"closed","template":"","meta":[],"product_cat":[49],"product_tag":[],"_links":{"self":[{"href":"https:\/\/filippepecas.com.br\/index.php\/wp-json\/wp\/v2\/product\/732"}],"collection":[{"href":"https:\/\/filippepecas.com.br\/index.php\/wp-json\/wp\/v2\/product"}],"about":[{"href":"https:\/\/filippepecas.com.br\/index.php\/wp-json\/wp\/v2\/types\/product"}],"replies":[{"embeddable":true,"href":"https:\/\/filippepecas.com.br\/index.php\/wp-json\/wp\/v2\/comments?post=732"}],"wp:featuredmedia":[{"embeddable":true,"href":"https:\/\/filippepecas.com.br\/index.php\/wp-json\/wp\/v2\/media\/733"}],"wp:attachment":[{"href":"https:\/\/filippepecas.com.br\/index.php\/wp-json\/wp\/v2\/media?parent=732"}],"wp:term":[{"taxonomy":"product_cat","embeddable":true,"href":"https:\/\/filippepecas.com.br\/index.php\/wp-json\/wp\/v2\/product_cat?post=732"},{"taxonomy":"product_tag","embeddable":true,"href":"https:\/\/filippepecas.com.br\/index.php\/wp-json\/wp\/v2\/product_tag?post=732"}],"curies":[{"name":"wp","href":"https:\/\/api.w.org\/{rel}","templated":true}]}}