{"id":8341,"date":"2024-11-19T02:12:59","date_gmt":"2024-11-19T02:12:59","guid":{"rendered":"https:\/\/filippepecas.com.br\/?post_type=product&#038;p=8341"},"modified":"2024-11-19T02:13:49","modified_gmt":"2024-11-19T02:13:49","slug":"escavadeira-hidraulica-lonking-cdm6205","status":"publish","type":"product","link":"https:\/\/filippepecas.com.br\/index.php\/produto\/escavadeira-hidraulica-lonking-cdm6205\/","title":{"rendered":"Escavadeira Hidr\u00e1ulica Lonking CDM6205"},"content":{"rendered":"<ul>\n<li>Escavadeira Hidr\u00e1ulica CDM6205<\/li>\n<li>Capacidade 1 m\u00b3<\/li>\n<li>Peso operacional 21.100 kg<\/li>\n<li>Pot\u00eancia 129 kW &#8211; 172 hp<\/li>\n<li>Motor Weichai<\/li>\n<li>Cabine com ar condicionado<\/li>\n<li>F\u00e1cil manuten\u00e7\u00e3o<\/li>\n<\/ul>\n","protected":false},"excerpt":{"rendered":"<ul>\n<li>Consumo de combust\u00edvel reduzido comparado com as concorrentes<\/li>\n<li>Rea\u00e7\u00f5es r\u00e1pidas, otimizando o tempo de servi\u00e7o<\/li>\n<\/ul>\n","protected":false},"featured_media":8342,"comment_status":"closed","ping_status":"closed","template":"","meta":[],"product_cat":[36],"product_tag":[5744,5742,5743],"_links":{"self":[{"href":"https:\/\/filippepecas.com.br\/index.php\/wp-json\/wp\/v2\/product\/8341"}],"collection":[{"href":"https:\/\/filippepecas.com.br\/index.php\/wp-json\/wp\/v2\/product"}],"about":[{"href":"https:\/\/filippepecas.com.br\/index.php\/wp-json\/wp\/v2\/types\/product"}],"replies":[{"embeddable":true,"href":"https:\/\/filippepecas.com.br\/index.php\/wp-json\/wp\/v2\/comments?post=8341"}],"wp:featuredmedia":[{"embeddable":true,"href":"https:\/\/filippepecas.com.br\/index.php\/wp-json\/wp\/v2\/media\/8342"}],"wp:attachment":[{"href":"https:\/\/filippepecas.com.br\/index.php\/wp-json\/wp\/v2\/media?parent=8341"}],"wp:term":[{"taxonomy":"product_cat","embeddable":true,"href":"https:\/\/filippepecas.com.br\/index.php\/wp-json\/wp\/v2\/product_cat?post=8341"},{"taxonomy":"product_tag","embeddable":true,"href":"https:\/\/filippepecas.com.br\/index.php\/wp-json\/wp\/v2\/product_tag?post=8341"}],"curies":[{"name":"wp","href":"https:\/\/api.w.org\/{rel}","templated":true}]}}