{"id":8346,"date":"2024-11-19T02:19:16","date_gmt":"2024-11-19T02:19:16","guid":{"rendered":"https:\/\/filippepecas.com.br\/?post_type=product&#038;p=8346"},"modified":"2024-11-19T02:19:16","modified_gmt":"2024-11-19T02:19:16","slug":"escavadeira-hidraulica-lonking-cdm6080","status":"publish","type":"product","link":"https:\/\/filippepecas.com.br\/index.php\/produto\/escavadeira-hidraulica-lonking-cdm6080\/","title":{"rendered":"Escavadeira Hidr\u00e1ulica Lonking CDM6080"},"content":{"rendered":"<ul>\n<li>Capacidade 0,42 m\u00b3<\/li>\n<li>Peso operacional 8.000 kg<\/li>\n<li>Pot\u00eancia 56,5 kW &#8211; 75,7 hp<\/li>\n<li>Motor Yanmar<\/li>\n<li>Baixo ru\u00eddo e baixa emiss\u00e3o<\/li>\n<li>Cabine com ar condicionado<\/li>\n<li>F\u00e1cil manuten\u00e7\u00e3o<\/li>\n<\/ul>\n","protected":false},"excerpt":{"rendered":"<p>Capacidade 0,42 m\u00b3 Peso operacional 8.000 kg Pot\u00eancia 56,5 kW &#8211; 75,7 hp Motor Yanmar Baixo ru\u00eddo e baixa emiss\u00e3o Cabine com ar condicionado F\u00e1cil manuten\u00e7\u00e3o<\/p>\n","protected":false},"featured_media":8347,"comment_status":"closed","ping_status":"closed","template":"","meta":[],"product_cat":[36],"product_tag":[5747,5744,5746,5743],"_links":{"self":[{"href":"https:\/\/filippepecas.com.br\/index.php\/wp-json\/wp\/v2\/product\/8346"}],"collection":[{"href":"https:\/\/filippepecas.com.br\/index.php\/wp-json\/wp\/v2\/product"}],"about":[{"href":"https:\/\/filippepecas.com.br\/index.php\/wp-json\/wp\/v2\/types\/product"}],"replies":[{"embeddable":true,"href":"https:\/\/filippepecas.com.br\/index.php\/wp-json\/wp\/v2\/comments?post=8346"}],"wp:featuredmedia":[{"embeddable":true,"href":"https:\/\/filippepecas.com.br\/index.php\/wp-json\/wp\/v2\/media\/8347"}],"wp:attachment":[{"href":"https:\/\/filippepecas.com.br\/index.php\/wp-json\/wp\/v2\/media?parent=8346"}],"wp:term":[{"taxonomy":"product_cat","embeddable":true,"href":"https:\/\/filippepecas.com.br\/index.php\/wp-json\/wp\/v2\/product_cat?post=8346"},{"taxonomy":"product_tag","embeddable":true,"href":"https:\/\/filippepecas.com.br\/index.php\/wp-json\/wp\/v2\/product_tag?post=8346"}],"curies":[{"name":"wp","href":"https:\/\/api.w.org\/{rel}","templated":true}]}}