{"id":8352,"date":"2024-11-19T02:26:23","date_gmt":"2024-11-19T02:26:23","guid":{"rendered":"https:\/\/filippepecas.com.br\/?post_type=product&#038;p=8352"},"modified":"2024-11-19T02:26:24","modified_gmt":"2024-11-19T02:26:24","slug":"mini-escavadeira-hidraulica-cdm6035","status":"publish","type":"product","link":"https:\/\/filippepecas.com.br\/index.php\/produto\/mini-escavadeira-hidraulica-cdm6035\/","title":{"rendered":"Mini Escavadeira Hidr\u00e1ulica CDM6035"},"content":{"rendered":"<ul>\n<li>Mini Escavadeira Hidr\u00e1ulica Lonking, modelo CDM6035<\/li>\n<li>Capacidade 0,11 m\u00b3<\/li>\n<li>Peso operacional 3.850 kg<\/li>\n<li>Pot\u00eancia 18,2 kW &#8211; 24,4 hp<\/li>\n<li>Motor Kubota<\/li>\n<li>Linha hidr\u00e1ulica auxiliar<\/li>\n<li>Giro de lan\u00e7a<\/li>\n<li>Baixo ru\u00eddo e baixa emiss\u00e3o<\/li>\n<li>Cabine com ar condicionado<\/li>\n<li>F\u00e1cil manuten\u00e7\u00e3o<\/li>\n<\/ul>\n","protected":false},"excerpt":{"rendered":"<p>Mini Escavadeira Hidr\u00e1ulica Lonking, modelo CDM6035 Capacidade 0,11 m\u00b3 Peso operacional 3.850 kg Pot\u00eancia 18,2 kW &#8211; 24,4 hp Motor Kubota Linha hidr\u00e1ulica auxiliar Giro de lan\u00e7a Baixo ru\u00eddo e baixa emiss\u00e3o Cabine com ar condicionado F\u00e1cil manuten\u00e7\u00e3o<\/p>\n","protected":false},"featured_media":8353,"comment_status":"closed","ping_status":"closed","template":"","meta":[],"product_cat":[36],"product_tag":[5753,5743,1026,5752],"_links":{"self":[{"href":"https:\/\/filippepecas.com.br\/index.php\/wp-json\/wp\/v2\/product\/8352"}],"collection":[{"href":"https:\/\/filippepecas.com.br\/index.php\/wp-json\/wp\/v2\/product"}],"about":[{"href":"https:\/\/filippepecas.com.br\/index.php\/wp-json\/wp\/v2\/types\/product"}],"replies":[{"embeddable":true,"href":"https:\/\/filippepecas.com.br\/index.php\/wp-json\/wp\/v2\/comments?post=8352"}],"wp:featuredmedia":[{"embeddable":true,"href":"https:\/\/filippepecas.com.br\/index.php\/wp-json\/wp\/v2\/media\/8353"}],"wp:attachment":[{"href":"https:\/\/filippepecas.com.br\/index.php\/wp-json\/wp\/v2\/media?parent=8352"}],"wp:term":[{"taxonomy":"product_cat","embeddable":true,"href":"https:\/\/filippepecas.com.br\/index.php\/wp-json\/wp\/v2\/product_cat?post=8352"},{"taxonomy":"product_tag","embeddable":true,"href":"https:\/\/filippepecas.com.br\/index.php\/wp-json\/wp\/v2\/product_tag?post=8352"}],"curies":[{"name":"wp","href":"https:\/\/api.w.org\/{rel}","templated":true}]}}