{"id":8354,"date":"2024-11-19T02:29:56","date_gmt":"2024-11-19T02:29:56","guid":{"rendered":"https:\/\/filippepecas.com.br\/?post_type=product&#038;p=8354"},"modified":"2024-11-19T02:29:56","modified_gmt":"2024-11-19T02:29:56","slug":"pa-carregadeira-lonking-cdm932","status":"publish","type":"product","link":"https:\/\/filippepecas.com.br\/index.php\/produto\/pa-carregadeira-lonking-cdm932\/","title":{"rendered":"P\u00e1 Carregadeira Lonking CDM932"},"content":{"rendered":"<ul>\n<li>P\u00e1 Carregadeira Lonking, modelo CDM932<\/li>\n<li>Capacidade da ca\u00e7amba 0,8 m\u00b3, 1.500 kg<\/li>\n<li>Peso operacional 5.230 kg<\/li>\n<li>Pot\u00eancia 61 kW &#8211; 81,8 hp<\/li>\n<li>Motor Yunnei<\/li>\n<li>Transmiss\u00e3o hidr\u00e1ulica<\/li>\n<li>Conversor de torque<\/li>\n<li>Cabine com ar condicionado<\/li>\n<li>Engate r\u00e1pido<\/li>\n<li>Garfo para palete<\/li>\n<\/ul>\n","protected":false},"excerpt":{"rendered":"<p>P\u00e1 Carregadeira Lonking, modelo CDM932 Capacidade da ca\u00e7amba 0,8 m\u00b3, 1.500 kg Peso operacional 5.230 kg Pot\u00eancia 61 kW &#8211; 81,8 hp Motor Yunnei Transmiss\u00e3o hidr\u00e1ulica Conversor de torque Cabine com ar condicionado Engate r\u00e1pido Garfo para palete<\/p>\n","protected":false},"featured_media":8355,"comment_status":"closed","ping_status":"closed","template":"","meta":[],"product_cat":[36],"product_tag":[5755,5743,293,5754],"_links":{"self":[{"href":"https:\/\/filippepecas.com.br\/index.php\/wp-json\/wp\/v2\/product\/8354"}],"collection":[{"href":"https:\/\/filippepecas.com.br\/index.php\/wp-json\/wp\/v2\/product"}],"about":[{"href":"https:\/\/filippepecas.com.br\/index.php\/wp-json\/wp\/v2\/types\/product"}],"replies":[{"embeddable":true,"href":"https:\/\/filippepecas.com.br\/index.php\/wp-json\/wp\/v2\/comments?post=8354"}],"wp:featuredmedia":[{"embeddable":true,"href":"https:\/\/filippepecas.com.br\/index.php\/wp-json\/wp\/v2\/media\/8355"}],"wp:attachment":[{"href":"https:\/\/filippepecas.com.br\/index.php\/wp-json\/wp\/v2\/media?parent=8354"}],"wp:term":[{"taxonomy":"product_cat","embeddable":true,"href":"https:\/\/filippepecas.com.br\/index.php\/wp-json\/wp\/v2\/product_cat?post=8354"},{"taxonomy":"product_tag","embeddable":true,"href":"https:\/\/filippepecas.com.br\/index.php\/wp-json\/wp\/v2\/product_tag?post=8354"}],"curies":[{"name":"wp","href":"https:\/\/api.w.org\/{rel}","templated":true}]}}