{"id":8356,"date":"2024-11-19T02:33:52","date_gmt":"2024-11-19T02:33:52","guid":{"rendered":"https:\/\/filippepecas.com.br\/?post_type=product&#038;p=8356"},"modified":"2024-11-19T02:33:52","modified_gmt":"2024-11-19T02:33:52","slug":"pa-carregadeira-lonking-cdm936","status":"publish","type":"product","link":"https:\/\/filippepecas.com.br\/index.php\/produto\/pa-carregadeira-lonking-cdm936\/","title":{"rendered":"P\u00e1 Carregadeira Lonking CDM936"},"content":{"rendered":"<ul>\n<li>P\u00e1 Carregadeira Marca Lonking, modelo CDM936<\/li>\n<li>Capacidade da ca\u00e7amba 1,2 m\u00b3, 2.000 kg<\/li>\n<li>Peso operacional 6.450 kg<\/li>\n<li>Pot\u00eancia 85 kW &#8211; 113,9 hp, motor Yunnei<\/li>\n<li>Cabine com ar condicionado<\/li>\n<li>Conversor de torque<\/li>\n<li>Transmiss\u00e3o hidr\u00e1ulica<\/li>\n<li>Engate r\u00e1pido<\/li>\n<li>Garfo para palete<\/li>\n<\/ul>\n","protected":false},"excerpt":{"rendered":"<p>P\u00e1 Carregadeira Marca Lonking, modelo CDM936 Capacidade da ca\u00e7amba 1,2 m\u00b3, 2.000 kg Peso operacional 6.450 kg Pot\u00eancia 85 kW &#8211; 113,9 hp, motor Yunnei Cabine com ar condicionado Conversor de torque Transmiss\u00e3o hidr\u00e1ulica Engate r\u00e1pido Garfo para palete<\/p>\n","protected":false},"featured_media":8357,"comment_status":"closed","ping_status":"closed","template":"","meta":[],"product_cat":[36],"product_tag":[5757,5743,293,5756],"_links":{"self":[{"href":"https:\/\/filippepecas.com.br\/index.php\/wp-json\/wp\/v2\/product\/8356"}],"collection":[{"href":"https:\/\/filippepecas.com.br\/index.php\/wp-json\/wp\/v2\/product"}],"about":[{"href":"https:\/\/filippepecas.com.br\/index.php\/wp-json\/wp\/v2\/types\/product"}],"replies":[{"embeddable":true,"href":"https:\/\/filippepecas.com.br\/index.php\/wp-json\/wp\/v2\/comments?post=8356"}],"wp:featuredmedia":[{"embeddable":true,"href":"https:\/\/filippepecas.com.br\/index.php\/wp-json\/wp\/v2\/media\/8357"}],"wp:attachment":[{"href":"https:\/\/filippepecas.com.br\/index.php\/wp-json\/wp\/v2\/media?parent=8356"}],"wp:term":[{"taxonomy":"product_cat","embeddable":true,"href":"https:\/\/filippepecas.com.br\/index.php\/wp-json\/wp\/v2\/product_cat?post=8356"},{"taxonomy":"product_tag","embeddable":true,"href":"https:\/\/filippepecas.com.br\/index.php\/wp-json\/wp\/v2\/product_tag?post=8356"}],"curies":[{"name":"wp","href":"https:\/\/api.w.org\/{rel}","templated":true}]}}