{"id":8358,"date":"2024-11-19T02:35:42","date_gmt":"2024-11-19T02:35:42","guid":{"rendered":"https:\/\/filippepecas.com.br\/?post_type=product&#038;p=8358"},"modified":"2024-11-19T02:36:06","modified_gmt":"2024-11-19T02:36:06","slug":"pa-carregadeira-lonking-cdm833","status":"publish","type":"product","link":"https:\/\/filippepecas.com.br\/index.php\/produto\/pa-carregadeira-lonking-cdm833\/","title":{"rendered":"P\u00e1 Carregadeira Lonking CDM833"},"content":{"rendered":"<ul>\n<li>P\u00e1 Carregadeira Lonking, modelo CDM833<\/li>\n<li>Capacidade da ca\u00e7amba 1,8 m\u00b3, 3.000 kg<\/li>\n<li>Peso operacional 10.300 kg<\/li>\n<li>Pot\u00eancia 92 kW &#8211; 123 hp<\/li>\n<li>Motor Weichai<\/li>\n<li>Transmiss\u00e3o hidr\u00e1ulica<\/li>\n<li>Conversor de torque<\/li>\n<li>Cabine ROPS &amp; FOPS com ar condicionado<\/li>\n<\/ul>\n","protected":false},"excerpt":{"rendered":"<p>P\u00e1 Carregadeira Lonking, modelo CDM833 Capacidade da ca\u00e7amba 1,8 m\u00b3, 3.000 kg Peso operacional 10.300 kg Pot\u00eancia 92 kW &#8211; 123 hp Motor Weichai Transmiss\u00e3o hidr\u00e1ulica Conversor de torque Cabine ROPS &amp; FOPS com ar condicionado<\/p>\n","protected":false},"featured_media":8359,"comment_status":"closed","ping_status":"closed","template":"","meta":[],"product_cat":[36],"product_tag":[5759,5743,293,5758],"_links":{"self":[{"href":"https:\/\/filippepecas.com.br\/index.php\/wp-json\/wp\/v2\/product\/8358"}],"collection":[{"href":"https:\/\/filippepecas.com.br\/index.php\/wp-json\/wp\/v2\/product"}],"about":[{"href":"https:\/\/filippepecas.com.br\/index.php\/wp-json\/wp\/v2\/types\/product"}],"replies":[{"embeddable":true,"href":"https:\/\/filippepecas.com.br\/index.php\/wp-json\/wp\/v2\/comments?post=8358"}],"wp:featuredmedia":[{"embeddable":true,"href":"https:\/\/filippepecas.com.br\/index.php\/wp-json\/wp\/v2\/media\/8359"}],"wp:attachment":[{"href":"https:\/\/filippepecas.com.br\/index.php\/wp-json\/wp\/v2\/media?parent=8358"}],"wp:term":[{"taxonomy":"product_cat","embeddable":true,"href":"https:\/\/filippepecas.com.br\/index.php\/wp-json\/wp\/v2\/product_cat?post=8358"},{"taxonomy":"product_tag","embeddable":true,"href":"https:\/\/filippepecas.com.br\/index.php\/wp-json\/wp\/v2\/product_tag?post=8358"}],"curies":[{"name":"wp","href":"https:\/\/api.w.org\/{rel}","templated":true}]}}