{"id":8362,"date":"2024-11-19T02:39:55","date_gmt":"2024-11-19T02:39:55","guid":{"rendered":"https:\/\/filippepecas.com.br\/?post_type=product&#038;p=8362"},"modified":"2024-11-19T02:40:25","modified_gmt":"2024-11-19T02:40:25","slug":"pa-carregadeira-lonking-cdm856","status":"publish","type":"product","link":"https:\/\/filippepecas.com.br\/index.php\/produto\/pa-carregadeira-lonking-cdm856\/","title":{"rendered":"P\u00e1 Carregadeira Lonking CDM856"},"content":{"rendered":"<ul>\n<li>P\u00e1 Carregadeira Lonking, modelo CDM856<\/li>\n<li>Capacidade da ca\u00e7amba 3 m\u00b3, 5.000 kg<\/li>\n<li>Peso operacional 17.300 kg<\/li>\n<li>Pot\u00eancia 154 kW &#8211; 210 hp<\/li>\n<li>Motor Weichai<\/li>\n<li>Transmiss\u00e3o hidr\u00e1ulica<\/li>\n<li>Articula\u00e7\u00e3o com rolamento<\/li>\n<li>Cabine ROPS &amp; FOPS com ar condicionado<\/li>\n<li>Engate r\u00e1pido<\/li>\n<li>Garfo para palete<\/li>\n<\/ul>\n","protected":false},"excerpt":{"rendered":"<p>P\u00e1 Carregadeira Lonking, modelo CDM856 Capacidade da ca\u00e7amba 3 m\u00b3, 5.000 kg Peso operacional 17.300 kg Pot\u00eancia 154 kW &#8211; 210 hp Motor Weichai Transmiss\u00e3o hidr\u00e1ulica Articula\u00e7\u00e3o com rolamento Cabine ROPS &amp; FOPS com ar condicionado Engate r\u00e1pido Garfo para palete<\/p>\n","protected":false},"featured_media":8363,"comment_status":"closed","ping_status":"closed","template":"","meta":[],"product_cat":[36],"product_tag":[5763,5743,293,5762],"_links":{"self":[{"href":"https:\/\/filippepecas.com.br\/index.php\/wp-json\/wp\/v2\/product\/8362"}],"collection":[{"href":"https:\/\/filippepecas.com.br\/index.php\/wp-json\/wp\/v2\/product"}],"about":[{"href":"https:\/\/filippepecas.com.br\/index.php\/wp-json\/wp\/v2\/types\/product"}],"replies":[{"embeddable":true,"href":"https:\/\/filippepecas.com.br\/index.php\/wp-json\/wp\/v2\/comments?post=8362"}],"wp:featuredmedia":[{"embeddable":true,"href":"https:\/\/filippepecas.com.br\/index.php\/wp-json\/wp\/v2\/media\/8363"}],"wp:attachment":[{"href":"https:\/\/filippepecas.com.br\/index.php\/wp-json\/wp\/v2\/media?parent=8362"}],"wp:term":[{"taxonomy":"product_cat","embeddable":true,"href":"https:\/\/filippepecas.com.br\/index.php\/wp-json\/wp\/v2\/product_cat?post=8362"},{"taxonomy":"product_tag","embeddable":true,"href":"https:\/\/filippepecas.com.br\/index.php\/wp-json\/wp\/v2\/product_tag?post=8362"}],"curies":[{"name":"wp","href":"https:\/\/api.w.org\/{rel}","templated":true}]}}