{"id":8364,"date":"2024-11-19T02:42:18","date_gmt":"2024-11-19T02:42:18","guid":{"rendered":"https:\/\/filippepecas.com.br\/?post_type=product&#038;p=8364"},"modified":"2024-11-23T11:33:08","modified_gmt":"2024-11-23T11:33:08","slug":"pa-carregadeira-lonking-cdm863","status":"publish","type":"product","link":"https:\/\/filippepecas.com.br\/index.php\/produto\/pa-carregadeira-lonking-cdm863\/","title":{"rendered":"P\u00e1 Carregadeira lonking CDM863"},"content":{"rendered":"<ul>\n<li>Capacidade da ca\u00e7amba 4,2 m\u00b3, 6.500 kg<\/li>\n<li>Peso operacional 22.000 kg<\/li>\n<li>Pot\u00eancia 178 kW &#8211; 238 hp<\/li>\n<li>Motor Weichai<\/li>\n<li>Transmiss\u00e3o hidr\u00e1ulica<\/li>\n<li>Articula\u00e7\u00e3o com rolamento<\/li>\n<li>Cabine ROPS &amp; FOPS com ar condicionado<\/li>\n<\/ul>\n","protected":false},"excerpt":{"rendered":"<p>Capacidade da ca\u00e7amba 4,2 m\u00b3, 6.500 kg Peso operacional 22.000 kg Pot\u00eancia 178 kW &#8211; 238 hp Motor Weichai Transmiss\u00e3o hidr\u00e1ulica Articula\u00e7\u00e3o com rolamento Cabine ROPS &amp; FOPS com ar condicionado<\/p>\n","protected":false},"featured_media":8365,"comment_status":"closed","ping_status":"closed","template":"","meta":[],"product_cat":[36],"product_tag":[5765,5743,293,5764],"_links":{"self":[{"href":"https:\/\/filippepecas.com.br\/index.php\/wp-json\/wp\/v2\/product\/8364"}],"collection":[{"href":"https:\/\/filippepecas.com.br\/index.php\/wp-json\/wp\/v2\/product"}],"about":[{"href":"https:\/\/filippepecas.com.br\/index.php\/wp-json\/wp\/v2\/types\/product"}],"replies":[{"embeddable":true,"href":"https:\/\/filippepecas.com.br\/index.php\/wp-json\/wp\/v2\/comments?post=8364"}],"wp:featuredmedia":[{"embeddable":true,"href":"https:\/\/filippepecas.com.br\/index.php\/wp-json\/wp\/v2\/media\/8365"}],"wp:attachment":[{"href":"https:\/\/filippepecas.com.br\/index.php\/wp-json\/wp\/v2\/media?parent=8364"}],"wp:term":[{"taxonomy":"product_cat","embeddable":true,"href":"https:\/\/filippepecas.com.br\/index.php\/wp-json\/wp\/v2\/product_cat?post=8364"},{"taxonomy":"product_tag","embeddable":true,"href":"https:\/\/filippepecas.com.br\/index.php\/wp-json\/wp\/v2\/product_tag?post=8364"}],"curies":[{"name":"wp","href":"https:\/\/api.w.org\/{rel}","templated":true}]}}