{"id":8409,"date":"2024-11-23T12:44:14","date_gmt":"2024-11-23T12:44:14","guid":{"rendered":"https:\/\/filippepecas.com.br\/?post_type=product&#038;p=8409"},"modified":"2024-11-23T12:44:14","modified_gmt":"2024-11-23T12:44:14","slug":"mini-carregadeira-lonking-cdm312","status":"publish","type":"product","link":"https:\/\/filippepecas.com.br\/index.php\/produto\/mini-carregadeira-lonking-cdm312\/","title":{"rendered":"Mini Carregadeira Lonking CDM312"},"content":{"rendered":"<ul>\n<li>Mini Carregadeira CDM312 &#8211; Kubota<\/li>\n<li>Capacidade da ca\u00e7amba 0,54 m\u00b3<\/li>\n<li>Carga \u00fatil nominal 1.230 kg<\/li>\n<li>Peso operacional 3.500 kg<\/li>\n<li>Motor Kubota<\/li>\n<li>Cabine ROPS &amp; FOPS com ar condicionado<\/li>\n<li>F\u00e1cil manuten\u00e7\u00e3o<\/li>\n<\/ul>\n","protected":false},"excerpt":{"rendered":"<p>Mini Carregadeira CDM312 &#8211; Kubota Capacidade da ca\u00e7amba 0,54 m\u00b3 Carga \u00fatil nominal 1.230 kg Peso operacional 3.500 kg Motor Kubota Cabine ROPS &amp; FOPS com ar condicionado F\u00e1cil manuten\u00e7\u00e3o<\/p>\n","protected":false},"featured_media":8410,"comment_status":"closed","ping_status":"closed","template":"","meta":[],"product_cat":[36],"product_tag":[5824,5624,5743,1158,5823],"_links":{"self":[{"href":"https:\/\/filippepecas.com.br\/index.php\/wp-json\/wp\/v2\/product\/8409"}],"collection":[{"href":"https:\/\/filippepecas.com.br\/index.php\/wp-json\/wp\/v2\/product"}],"about":[{"href":"https:\/\/filippepecas.com.br\/index.php\/wp-json\/wp\/v2\/types\/product"}],"replies":[{"embeddable":true,"href":"https:\/\/filippepecas.com.br\/index.php\/wp-json\/wp\/v2\/comments?post=8409"}],"wp:featuredmedia":[{"embeddable":true,"href":"https:\/\/filippepecas.com.br\/index.php\/wp-json\/wp\/v2\/media\/8410"}],"wp:attachment":[{"href":"https:\/\/filippepecas.com.br\/index.php\/wp-json\/wp\/v2\/media?parent=8409"}],"wp:term":[{"taxonomy":"product_cat","embeddable":true,"href":"https:\/\/filippepecas.com.br\/index.php\/wp-json\/wp\/v2\/product_cat?post=8409"},{"taxonomy":"product_tag","embeddable":true,"href":"https:\/\/filippepecas.com.br\/index.php\/wp-json\/wp\/v2\/product_tag?post=8409"}],"curies":[{"name":"wp","href":"https:\/\/api.w.org\/{rel}","templated":true}]}}