{"id":8411,"date":"2024-11-23T12:48:07","date_gmt":"2024-11-23T12:48:07","guid":{"rendered":"https:\/\/filippepecas.com.br\/?post_type=product&#038;p=8411"},"modified":"2024-11-23T12:48:07","modified_gmt":"2024-11-23T12:48:07","slug":"rolo-compactador-lonking-cdm512d","status":"publish","type":"product","link":"https:\/\/filippepecas.com.br\/index.php\/produto\/rolo-compactador-lonking-cdm512d\/","title":{"rendered":"Rolo Compactador Lonking CDM512D"},"content":{"rendered":"<ul>\n<li>Rolo Compactador Hidr\u00e1ulico Lonking modelo CDM512D<\/li>\n<li>Peso operacional 12.000 kg<\/li>\n<li>Pot\u00eancia 112 kW (150 hp)<\/li>\n<li>Motor Cummins<\/li>\n<li>Sistema hidr\u00e1ulico Rexroth<\/li>\n<li>Cabine ROPS &amp; FOPS com ar condicionado<\/li>\n<\/ul>\n","protected":false},"excerpt":{"rendered":"<p>Rolo Compactador Hidr\u00e1ulico Lonking modelo CDM512D Peso operacional 12.000 kg Pot\u00eancia 112 kW (150 hp) Motor Cummins Sistema hidr\u00e1ulico Rexroth Cabine ROPS &amp; FOPS com ar condicionado<\/p>\n","protected":false},"featured_media":8412,"comment_status":"closed","ping_status":"closed","template":"","meta":[],"product_cat":[36],"product_tag":[5827,5743,5826,5825],"_links":{"self":[{"href":"https:\/\/filippepecas.com.br\/index.php\/wp-json\/wp\/v2\/product\/8411"}],"collection":[{"href":"https:\/\/filippepecas.com.br\/index.php\/wp-json\/wp\/v2\/product"}],"about":[{"href":"https:\/\/filippepecas.com.br\/index.php\/wp-json\/wp\/v2\/types\/product"}],"replies":[{"embeddable":true,"href":"https:\/\/filippepecas.com.br\/index.php\/wp-json\/wp\/v2\/comments?post=8411"}],"wp:featuredmedia":[{"embeddable":true,"href":"https:\/\/filippepecas.com.br\/index.php\/wp-json\/wp\/v2\/media\/8412"}],"wp:attachment":[{"href":"https:\/\/filippepecas.com.br\/index.php\/wp-json\/wp\/v2\/media?parent=8411"}],"wp:term":[{"taxonomy":"product_cat","embeddable":true,"href":"https:\/\/filippepecas.com.br\/index.php\/wp-json\/wp\/v2\/product_cat?post=8411"},{"taxonomy":"product_tag","embeddable":true,"href":"https:\/\/filippepecas.com.br\/index.php\/wp-json\/wp\/v2\/product_tag?post=8411"}],"curies":[{"name":"wp","href":"https:\/\/api.w.org\/{rel}","templated":true}]}}