{"id":86,"date":"2015-12-22T18:37:31","date_gmt":"2015-12-22T18:37:31","guid":{"rendered":"http:\/\/filippepecas.com.br\/index.php\/produto\/motor-de-aceleracao-21en32200-21en-32200\/"},"modified":"2015-12-22T18:38:06","modified_gmt":"2015-12-22T18:38:06","slug":"motor-de-aceleracao-21en32200-21en-32200","status":"publish","type":"product","link":"https:\/\/filippepecas.com.br\/index.php\/produto\/motor-de-aceleracao-21en32200-21en-32200\/","title":{"rendered":"Motor de Acelera\u00e7\u00e3o 21EN32200 (21EN-32200)"},"content":{"rendered":"","protected":false},"excerpt":{"rendered":"<p>Motor de Acelera\u00e7\u00e3o 21EN32200 (21EN-32200)<\/p>\n","protected":false},"featured_media":35,"comment_status":"closed","ping_status":"closed","template":"","meta":[],"product_cat":[12],"product_tag":[],"_links":{"self":[{"href":"https:\/\/filippepecas.com.br\/index.php\/wp-json\/wp\/v2\/product\/86"}],"collection":[{"href":"https:\/\/filippepecas.com.br\/index.php\/wp-json\/wp\/v2\/product"}],"about":[{"href":"https:\/\/filippepecas.com.br\/index.php\/wp-json\/wp\/v2\/types\/product"}],"replies":[{"embeddable":true,"href":"https:\/\/filippepecas.com.br\/index.php\/wp-json\/wp\/v2\/comments?post=86"}],"wp:featuredmedia":[{"embeddable":true,"href":"https:\/\/filippepecas.com.br\/index.php\/wp-json\/wp\/v2\/media\/35"}],"wp:attachment":[{"href":"https:\/\/filippepecas.com.br\/index.php\/wp-json\/wp\/v2\/media?parent=86"}],"wp:term":[{"taxonomy":"product_cat","embeddable":true,"href":"https:\/\/filippepecas.com.br\/index.php\/wp-json\/wp\/v2\/product_cat?post=86"},{"taxonomy":"product_tag","embeddable":true,"href":"https:\/\/filippepecas.com.br\/index.php\/wp-json\/wp\/v2\/product_tag?post=86"}],"curies":[{"name":"wp","href":"https:\/\/api.w.org\/{rel}","templated":true}]}}