{"id":91,"date":"2015-12-22T18:46:56","date_gmt":"2015-12-22T18:46:56","guid":{"rendered":"http:\/\/filippepecas.com.br\/index.php\/produto\/motor-de-aceleracao-21en32260-21en-32260\/"},"modified":"2022-01-07T11:48:00","modified_gmt":"2022-01-07T11:48:00","slug":"motor-de-aceleracao-21en32260-21en-32260","status":"publish","type":"product","link":"https:\/\/filippepecas.com.br\/index.php\/produto\/motor-de-aceleracao-21en32260-21en-32260\/","title":{"rendered":"Motor de Acelera\u00e7\u00e3o 21EN-32260 (21EN-32260)"},"content":{"rendered":"","protected":false},"excerpt":{"rendered":"<p>Motor de Acelera\u00e7\u00e3o 21EN32260 (21EN-32260)<\/p>\n","protected":false},"featured_media":51,"comment_status":"closed","ping_status":"closed","template":"","meta":[],"product_cat":[12],"product_tag":[],"_links":{"self":[{"href":"https:\/\/filippepecas.com.br\/index.php\/wp-json\/wp\/v2\/product\/91"}],"collection":[{"href":"https:\/\/filippepecas.com.br\/index.php\/wp-json\/wp\/v2\/product"}],"about":[{"href":"https:\/\/filippepecas.com.br\/index.php\/wp-json\/wp\/v2\/types\/product"}],"replies":[{"embeddable":true,"href":"https:\/\/filippepecas.com.br\/index.php\/wp-json\/wp\/v2\/comments?post=91"}],"wp:featuredmedia":[{"embeddable":true,"href":"https:\/\/filippepecas.com.br\/index.php\/wp-json\/wp\/v2\/media\/51"}],"wp:attachment":[{"href":"https:\/\/filippepecas.com.br\/index.php\/wp-json\/wp\/v2\/media?parent=91"}],"wp:term":[{"taxonomy":"product_cat","embeddable":true,"href":"https:\/\/filippepecas.com.br\/index.php\/wp-json\/wp\/v2\/product_cat?post=91"},{"taxonomy":"product_tag","embeddable":true,"href":"https:\/\/filippepecas.com.br\/index.php\/wp-json\/wp\/v2\/product_tag?post=91"}],"curies":[{"name":"wp","href":"https:\/\/api.w.org\/{rel}","templated":true}]}}