{"id":96,"date":"2015-12-22T19:03:05","date_gmt":"2015-12-22T19:03:05","guid":{"rendered":"http:\/\/filippepecas.com.br\/index.php\/produto\/motor-de-aceleracao-2475212-247-5212\/"},"modified":"2015-12-22T19:04:01","modified_gmt":"2015-12-22T19:04:01","slug":"motor-de-aceleracao-2475212-247-5212","status":"publish","type":"product","link":"https:\/\/filippepecas.com.br\/index.php\/produto\/motor-de-aceleracao-2475212-247-5212\/","title":{"rendered":"Motor de Acelera\u00e7\u00e3o 2475212 (247-5212)"},"content":{"rendered":"","protected":false},"excerpt":{"rendered":"<p>Motor de Acelera\u00e7\u00e3o 2475212 (247-5212)<\/p>\n","protected":false},"featured_media":69,"comment_status":"closed","ping_status":"closed","template":"","meta":[],"product_cat":[12],"product_tag":[],"_links":{"self":[{"href":"https:\/\/filippepecas.com.br\/index.php\/wp-json\/wp\/v2\/product\/96"}],"collection":[{"href":"https:\/\/filippepecas.com.br\/index.php\/wp-json\/wp\/v2\/product"}],"about":[{"href":"https:\/\/filippepecas.com.br\/index.php\/wp-json\/wp\/v2\/types\/product"}],"replies":[{"embeddable":true,"href":"https:\/\/filippepecas.com.br\/index.php\/wp-json\/wp\/v2\/comments?post=96"}],"wp:featuredmedia":[{"embeddable":true,"href":"https:\/\/filippepecas.com.br\/index.php\/wp-json\/wp\/v2\/media\/69"}],"wp:attachment":[{"href":"https:\/\/filippepecas.com.br\/index.php\/wp-json\/wp\/v2\/media?parent=96"}],"wp:term":[{"taxonomy":"product_cat","embeddable":true,"href":"https:\/\/filippepecas.com.br\/index.php\/wp-json\/wp\/v2\/product_cat?post=96"},{"taxonomy":"product_tag","embeddable":true,"href":"https:\/\/filippepecas.com.br\/index.php\/wp-json\/wp\/v2\/product_tag?post=96"}],"curies":[{"name":"wp","href":"https:\/\/api.w.org\/{rel}","templated":true}]}}