{"id":98,"date":"2015-12-22T19:05:11","date_gmt":"2015-12-22T19:05:11","guid":{"rendered":"http:\/\/filippepecas.com.br\/index.php\/produto\/motor-de-aceleracao-7834402003-7834-40-2003\/"},"modified":"2015-12-22T19:05:46","modified_gmt":"2015-12-22T19:05:46","slug":"motor-de-aceleracao-7834402003-7834-40-2003","status":"publish","type":"product","link":"https:\/\/filippepecas.com.br\/index.php\/produto\/motor-de-aceleracao-7834402003-7834-40-2003\/","title":{"rendered":"Motor de Acelera\u00e7\u00e3o 7834402003 (7834-40-2003)"},"content":{"rendered":"","protected":false},"excerpt":{"rendered":"<p>Motor de Acelera\u00e7\u00e3o 7834402003 (7834-40-2003)<\/p>\n","protected":false},"featured_media":63,"comment_status":"closed","ping_status":"closed","template":"","meta":[],"product_cat":[12],"product_tag":[],"_links":{"self":[{"href":"https:\/\/filippepecas.com.br\/index.php\/wp-json\/wp\/v2\/product\/98"}],"collection":[{"href":"https:\/\/filippepecas.com.br\/index.php\/wp-json\/wp\/v2\/product"}],"about":[{"href":"https:\/\/filippepecas.com.br\/index.php\/wp-json\/wp\/v2\/types\/product"}],"replies":[{"embeddable":true,"href":"https:\/\/filippepecas.com.br\/index.php\/wp-json\/wp\/v2\/comments?post=98"}],"wp:featuredmedia":[{"embeddable":true,"href":"https:\/\/filippepecas.com.br\/index.php\/wp-json\/wp\/v2\/media\/63"}],"wp:attachment":[{"href":"https:\/\/filippepecas.com.br\/index.php\/wp-json\/wp\/v2\/media?parent=98"}],"wp:term":[{"taxonomy":"product_cat","embeddable":true,"href":"https:\/\/filippepecas.com.br\/index.php\/wp-json\/wp\/v2\/product_cat?post=98"},{"taxonomy":"product_tag","embeddable":true,"href":"https:\/\/filippepecas.com.br\/index.php\/wp-json\/wp\/v2\/product_tag?post=98"}],"curies":[{"name":"wp","href":"https:\/\/api.w.org\/{rel}","templated":true}]}}