{"id":99,"date":"2015-12-22T19:06:32","date_gmt":"2015-12-22T19:06:32","guid":{"rendered":"http:\/\/filippepecas.com.br\/index.php\/produto\/motor-de-aceleracao-7824301600-7824-30-1600\/"},"modified":"2015-12-22T19:06:51","modified_gmt":"2015-12-22T19:06:51","slug":"motor-de-aceleracao-7824301600-7824-30-1600","status":"publish","type":"product","link":"https:\/\/filippepecas.com.br\/index.php\/produto\/motor-de-aceleracao-7824301600-7824-30-1600\/","title":{"rendered":"Motor de Acelera\u00e7\u00e3o 7824301600 (7824-30-1600)"},"content":{"rendered":"","protected":false},"excerpt":{"rendered":"<p>Motor de Acelera\u00e7\u00e3o 7824301600 (7824-30-1600)<\/p>\n","protected":false},"featured_media":61,"comment_status":"closed","ping_status":"closed","template":"","meta":[],"product_cat":[12],"product_tag":[],"_links":{"self":[{"href":"https:\/\/filippepecas.com.br\/index.php\/wp-json\/wp\/v2\/product\/99"}],"collection":[{"href":"https:\/\/filippepecas.com.br\/index.php\/wp-json\/wp\/v2\/product"}],"about":[{"href":"https:\/\/filippepecas.com.br\/index.php\/wp-json\/wp\/v2\/types\/product"}],"replies":[{"embeddable":true,"href":"https:\/\/filippepecas.com.br\/index.php\/wp-json\/wp\/v2\/comments?post=99"}],"wp:featuredmedia":[{"embeddable":true,"href":"https:\/\/filippepecas.com.br\/index.php\/wp-json\/wp\/v2\/media\/61"}],"wp:attachment":[{"href":"https:\/\/filippepecas.com.br\/index.php\/wp-json\/wp\/v2\/media?parent=99"}],"wp:term":[{"taxonomy":"product_cat","embeddable":true,"href":"https:\/\/filippepecas.com.br\/index.php\/wp-json\/wp\/v2\/product_cat?post=99"},{"taxonomy":"product_tag","embeddable":true,"href":"https:\/\/filippepecas.com.br\/index.php\/wp-json\/wp\/v2\/product_tag?post=99"}],"curies":[{"name":"wp","href":"https:\/\/api.w.org\/{rel}","templated":true}]}}